{"id":1521,"date":"2021-07-23T10:30:08","date_gmt":"2021-07-23T09:30:08","guid":{"rendered":"https:\/\/zientzia-astea.org\/?page_id=1521"},"modified":"2026-04-13T12:46:35","modified_gmt":"2026-04-13T10:46:35","slug":"zientzia-astea-vitoria-gasteiz","status":"publish","type":"page","link":"https:\/\/zientzia-astea.eus\/es\/zientzia-astea-vitoria-gasteiz\/","title":{"rendered":"Zientzia Astea Vitoria-Gasteiz"},"content":{"rendered":"<p><\/p>\n<h2>Del 4 al 8 de noviembre de 2026 en el Museo Bibat, en la Escuela de Ingenier\u00eda y en la Facultad de Farmacia de Vitoria-Gasteiz, en el Museo de Ciencias Naturales y en Izaskun Arrue Kulturgunea<\/h2>\n<p><strong>Actividades<\/strong> para todos los gustos es lo que ofrece Zientzia Astea en Vitoria-Gasteiz. El <strong>museo Bibat<\/strong>, sede de los museos de Arqueolog\u00eda y Fournier de Naipes, la <strong>Facultad de Farmacia<\/strong> y la <strong>Escuela de Ingenier\u00eda de Vitoria-Gasteiz<\/strong>, as\u00ed como el <strong>Museo de Ciencias Naturales<\/strong> y el <strong>Izaskun Arrue kulturgunea<\/strong> acoger\u00e1n este a\u00f1o txokos, conferencias, un espect\u00e1culo cient\u00edfico, exposiciones y el ya hist\u00f3rico Zientzia Club, adem\u00e1s de una amplia oferta de talleres. \u00a1Y no olvides nuestras did\u00e1cticas visitas!<br \/>\n<!--\n\n\n<div style=\"text-align: center; width: 100%;\"> --><br \/>\n<!--\n\n\n<div id=\"text-24\" class=\"widget widget_text\" style=\"text-align: center; max-width: 280px; margin-left: 30%;\"> --><br \/>\n<!--\n\n<a href=\"http:\/\/zientzia-astea.eus\/wp-content\/uploads\/2025\/11\/Zientzia-Astea-GASTEIZ-2025.pdf\" target=\"_blank\" rel=\"noopener\">Egitaraua ikusi (PDF)<\/a>\n\n--><br \/>\n<!--<\/div>\n\n\n--><br \/>\n<!--<\/div>\n\n\n--><br \/>\n<\/p>\n\n\n\n<p><\/p>","protected":false},"excerpt":{"rendered":"<p>Del 4 al 8 de noviembre de 2026 en el Museo Bibat, en la Escuela de Ingenier\u00eda y en la Facultad de Farmacia de Vitoria-Gasteiz, en el Museo de Ciencias Naturales y en Izaskun Arrue Kulturgunea Actividades para todos los gustos es<\/p>\n","protected":false},"author":1,"featured_media":0,"parent":0,"menu_order":0,"comment_status":"closed","ping_status":"closed","template":"","meta":{"footnotes":""},"_links":{"self":[{"href":"https:\/\/zientzia-astea.eus\/es\/wp-json\/wp\/v2\/pages\/1521"}],"collection":[{"href":"https:\/\/zientzia-astea.eus\/es\/wp-json\/wp\/v2\/pages"}],"about":[{"href":"https:\/\/zientzia-astea.eus\/es\/wp-json\/wp\/v2\/types\/page"}],"author":[{"embeddable":true,"href":"https:\/\/zientzia-astea.eus\/es\/wp-json\/wp\/v2\/users\/1"}],"replies":[{"embeddable":true,"href":"https:\/\/zientzia-astea.eus\/es\/wp-json\/wp\/v2\/comments?post=1521"}],"version-history":[{"count":73,"href":"https:\/\/zientzia-astea.eus\/es\/wp-json\/wp\/v2\/pages\/1521\/revisions"}],"predecessor-version":[{"id":4904,"href":"https:\/\/zientzia-astea.eus\/es\/wp-json\/wp\/v2\/pages\/1521\/revisions\/4904"}],"wp:attachment":[{"href":"https:\/\/zientzia-astea.eus\/es\/wp-json\/wp\/v2\/media?parent=1521"}],"curies":[{"name":"wp","href":"https:\/\/api.w.org\/{rel}","templated":true}]}}