{"id":1517,"date":"2021-07-23T10:27:56","date_gmt":"2021-07-23T09:27:56","guid":{"rendered":"https:\/\/zientzia-astea.org\/?page_id=1517"},"modified":"2026-04-09T14:52:33","modified_gmt":"2026-04-09T12:52:33","slug":"zientzia-astea-barakaldo","status":"publish","type":"page","link":"https:\/\/zientzia-astea.eus\/es\/zientzia-astea-barakaldo\/","title":{"rendered":"Zientzia Astea Barakaldo"},"content":{"rendered":"<p><\/p>\n<h2>Del 3 al 8 de noviembre de 2026 en el Centro C\u00edvico Clara Campoamor<\/h2>\n<p>Zientzia Astea ofrece en Barakaldo numerosas actividades que van a girar en torno a la tem\u00e1tica conductora de esta edici\u00f3n: \u201c<em>Zientzia eta Artea &#8211; Ciencia y Arte<\/em>\u201d.<\/p>\n<p>Exposiciones, charla, actividades para escolares, talleres infantiles de ciencia, rob\u00f3tica y tecnolog\u00eda, txokos y talleres en familia de ciencia y creaci\u00f3n sostenible, recorridos y talleres medioambientales\u2026y adem\u00e1s, nuestro hist\u00f3rico Zientzia Club.<\/p>\n\n\n\n\n\n<p><\/p>","protected":false},"excerpt":{"rendered":"<p>Del 3 al 8 de noviembre de 2026 en el Centro C\u00edvico Clara Campoamor Zientzia Astea ofrece en Barakaldo numerosas actividades que van a girar en torno a la tem\u00e1tica conductora de esta edici\u00f3n: \u201cZientzia eta Artea &#8211; Ciencia y Arte\u201d. Exposiciones,<\/p>\n","protected":false},"author":1,"featured_media":0,"parent":0,"menu_order":0,"comment_status":"closed","ping_status":"closed","template":"","meta":{"footnotes":""},"_links":{"self":[{"href":"https:\/\/zientzia-astea.eus\/es\/wp-json\/wp\/v2\/pages\/1517"}],"collection":[{"href":"https:\/\/zientzia-astea.eus\/es\/wp-json\/wp\/v2\/pages"}],"about":[{"href":"https:\/\/zientzia-astea.eus\/es\/wp-json\/wp\/v2\/types\/page"}],"author":[{"embeddable":true,"href":"https:\/\/zientzia-astea.eus\/es\/wp-json\/wp\/v2\/users\/1"}],"replies":[{"embeddable":true,"href":"https:\/\/zientzia-astea.eus\/es\/wp-json\/wp\/v2\/comments?post=1517"}],"version-history":[{"count":29,"href":"https:\/\/zientzia-astea.eus\/es\/wp-json\/wp\/v2\/pages\/1517\/revisions"}],"predecessor-version":[{"id":4885,"href":"https:\/\/zientzia-astea.eus\/es\/wp-json\/wp\/v2\/pages\/1517\/revisions\/4885"}],"wp:attachment":[{"href":"https:\/\/zientzia-astea.eus\/es\/wp-json\/wp\/v2\/media?parent=1517"}],"curies":[{"name":"wp","href":"https:\/\/api.w.org\/{rel}","templated":true}]}}