{"id":1507,"date":"2021-07-23T08:08:41","date_gmt":"2021-07-23T08:08:41","guid":{"rendered":"https:\/\/zientzia-astea.org\/?page_id=1507"},"modified":"2026-04-13T12:43:31","modified_gmt":"2026-04-13T10:43:31","slug":"zientzia-astea-bilbao","status":"publish","type":"page","link":"https:\/\/zientzia-astea.eus\/es\/zientzia-astea-bilbao\/","title":{"rendered":"Zientzia Astea Bilbao"},"content":{"rendered":"<p><\/p>\n<h2>Del 3 al 8 de noviembre de 2026 en Bizkaia Aretoa<\/h2>\n<p>Durante estos d\u00edas la ciencia, la tecnolog\u00eda y la innovaci\u00f3n tomar\u00e1n el edificio dise\u00f1ado por el famoso arquitecto \u00c1lvaro Siza.<\/p>\n<p>Bizkaia Aretoa acoger\u00e1 numerosas actividades como\u00a0txokos de ciencia, talleres, exposiciones, concurso fotogr\u00e1fico, conferencias, espect\u00e1culo cient\u00edfico y los mon\u00f3logos de Zientzia Club, sin olvidar las estimulantes visitas guiadas por distintos escenarios de Bilbao.<\/p>\n<p><!--\n\n\n<div style=\"text-align: center; width: 100%;\"> --><br \/>\n<!--\n\n\n<div id=\"text-24\" class=\"widget widget_text\" style=\"text-align: center; max-width: 280px; margin-left: 30%;\"> --><br \/>\n<!-- <a href=\"http:\/\/zientzia-astea.eus\/wp-content\/uploads\/2025\/11\/Zientzia-Astea-BILBAO-2025.pdf\" target=\"_blank\" rel=\"noopener\">Egitaraua ikusi (PDF)<\/a> --><br \/>\n<!--<\/div>\n\n\n--><br \/>\n<!--<\/div>\n\n\n--><\/p>\n\n\n\n\n\n<p><\/p>","protected":false},"excerpt":{"rendered":"<p>Del 3 al 8 de noviembre de 2026 en Bizkaia Aretoa Durante estos d\u00edas la ciencia, la tecnolog\u00eda y la innovaci\u00f3n tomar\u00e1n el edificio dise\u00f1ado por el famoso arquitecto \u00c1lvaro Siza. Bizkaia Aretoa acoger\u00e1 numerosas actividades como\u00a0txokos de ciencia, talleres, exposiciones, concurso<\/p>\n","protected":false},"author":1,"featured_media":0,"parent":0,"menu_order":0,"comment_status":"closed","ping_status":"closed","template":"","meta":{"footnotes":""},"_links":{"self":[{"href":"https:\/\/zientzia-astea.eus\/es\/wp-json\/wp\/v2\/pages\/1507"}],"collection":[{"href":"https:\/\/zientzia-astea.eus\/es\/wp-json\/wp\/v2\/pages"}],"about":[{"href":"https:\/\/zientzia-astea.eus\/es\/wp-json\/wp\/v2\/types\/page"}],"author":[{"embeddable":true,"href":"https:\/\/zientzia-astea.eus\/es\/wp-json\/wp\/v2\/users\/1"}],"replies":[{"embeddable":true,"href":"https:\/\/zientzia-astea.eus\/es\/wp-json\/wp\/v2\/comments?post=1507"}],"version-history":[{"count":95,"href":"https:\/\/zientzia-astea.eus\/es\/wp-json\/wp\/v2\/pages\/1507\/revisions"}],"predecessor-version":[{"id":4902,"href":"https:\/\/zientzia-astea.eus\/es\/wp-json\/wp\/v2\/pages\/1507\/revisions\/4902"}],"wp:attachment":[{"href":"https:\/\/zientzia-astea.eus\/es\/wp-json\/wp\/v2\/media?parent=1507"}],"curies":[{"name":"wp","href":"https:\/\/api.w.org\/{rel}","templated":true}]}}