{"id":1572,"date":"2021-07-27T13:59:44","date_gmt":"2021-07-27T12:59:44","guid":{"rendered":"https:\/\/zientzia-astea.org\/?page_id=1572"},"modified":"2025-10-23T12:39:17","modified_gmt":"2025-10-23T10:39:17","slug":"que-es-zientzia-astea","status":"publish","type":"page","link":"https:\/\/zientzia-astea.eus\/2025\/es\/que-es-zientzia-astea\/","title":{"rendered":"\u00bfQu\u00e9 es Zientzia Astea?"},"content":{"rendered":"<p><\/p>\n<h2>\u00bfQu\u00e9 es Zientzia Astea?<\/h2>\n<p>Zientzia Astea es la Semana de la Ciencia, la Tecnolog\u00eda y la Innovaci\u00f3n que organiza la Universidad del Pa\u00eds Vasco para todas aquellas personas que sienten curiosidad por lo que les rodea, sean j\u00f3venes o mayores, ni\u00f1as, ni\u00f1os o adolescentes, tengan la oportunidad de ver, escuchar, sentir y hablar de ciencia con quienes se dedican a la investigaci\u00f3n.<\/p>\n<p>Esta <strong>XXV edici\u00f3n<\/strong> se centrar\u00e1 en los pl\u00e1sticos y micropl\u00e1sticos. Bajo el lema <strong>\u201cCiencia para un planeta sin pl\u00e1sticos\u201d<\/strong> se ha organizado una amplia oferta de actividades. Encontrar\u00e1s talleres, conferencias, exposiciones, concursos, mon\u00f3logos, salidas, visitas guiadas y muchas m\u00e1s cosas. Un poco de curiosidad y ganas de pasarlo bien, no necesitas m\u00e1s para acercarte a la Semana de la Ciencia.<\/p>\n<p>Podr\u00e1s ver y conocer las investigaciones y experimentos que se realizan en la <strong>Universidad del Pa\u00eds Vasco<\/strong>. Tendr\u00e1s la oportunidad de hablar con los investigadores e investigadoras de la EHU, resolver dudas y aprender mucho sobre temas tan variados como la sostenibilidad marina, la Inteligencia Artificial, la rob\u00f3tica, los coches el\u00e9ctricos, la qu\u00edmica, la salud, la astronom\u00eda, y muchos m\u00e1s. Sea cual sea tu edad, seguro que encuentras algo que te interese. No tienes excusa.<\/p>\n<p>Del <strong>5 al 9 de noviembre<\/strong> ac\u00e9rcate al <strong>Bizkaia Aretoa<\/strong> de Bilbao, <strong>Tabakalera<\/strong> de San Sebasti\u00e1n, <strong>Museo Bibat<\/strong> de Vitoria y al <strong>Centro C\u00edvico Clara Campoamor<\/strong> de Barakaldo.<\/p>\n<p><strong>\u00a1Te esperamos!<\/strong><\/p>","protected":false},"excerpt":{"rendered":"<p>\u00bfQu\u00e9 es Zientzia Astea? Zientzia Astea es la Semana de la Ciencia, la Tecnolog\u00eda y la Innovaci\u00f3n que organiza la Universidad del Pa\u00eds Vasco para todas aquellas personas que sienten curiosidad por lo que les rodea, sean j\u00f3venes o mayores, ni\u00f1as, ni\u00f1os<\/p>\n","protected":false},"author":1,"featured_media":0,"parent":0,"menu_order":0,"comment_status":"closed","ping_status":"closed","template":"Full_width.php","meta":{"footnotes":""},"_links":{"self":[{"href":"https:\/\/zientzia-astea.eus\/2025\/es\/wp-json\/wp\/v2\/pages\/1572"}],"collection":[{"href":"https:\/\/zientzia-astea.eus\/2025\/es\/wp-json\/wp\/v2\/pages"}],"about":[{"href":"https:\/\/zientzia-astea.eus\/2025\/es\/wp-json\/wp\/v2\/types\/page"}],"author":[{"embeddable":true,"href":"https:\/\/zientzia-astea.eus\/2025\/es\/wp-json\/wp\/v2\/users\/1"}],"replies":[{"embeddable":true,"href":"https:\/\/zientzia-astea.eus\/2025\/es\/wp-json\/wp\/v2\/comments?post=1572"}],"version-history":[{"count":19,"href":"https:\/\/zientzia-astea.eus\/2025\/es\/wp-json\/wp\/v2\/pages\/1572\/revisions"}],"predecessor-version":[{"id":4794,"href":"https:\/\/zientzia-astea.eus\/2025\/es\/wp-json\/wp\/v2\/pages\/1572\/revisions\/4794"}],"wp:attachment":[{"href":"https:\/\/zientzia-astea.eus\/2025\/es\/wp-json\/wp\/v2\/media?parent=1572"}],"curies":[{"name":"wp","href":"https:\/\/api.w.org\/{rel}","templated":true}]}}