{"id":1523,"date":"2021-07-23T10:31:07","date_gmt":"2021-07-23T09:31:07","guid":{"rendered":"https:\/\/zientzia-astea.org\/?page_id=1523"},"modified":"2025-10-29T14:33:53","modified_gmt":"2025-10-29T12:33:53","slug":"zientzia-astea-san-sebastian","status":"publish","type":"page","link":"https:\/\/zientzia-astea.eus\/2025\/es\/zientzia-astea-san-sebastian\/","title":{"rendered":"Zientzia Astea San Sebasti\u00e1n"},"content":{"rendered":"<p><\/p>\n<h2>Del 6 al 8 de noviembre de 2025 en Tabakalera<\/h2>\n<p>Este a\u00f1o el programa de actividades en San Sebasti\u00e1n se desarrollar\u00e1 en el Centro Internacional de Cultura Contempor\u00e1nea Tabakalera, que dar\u00e1 cabida a los txokos cient\u00edficos y ser\u00e1 la sede de los habituales talleres, del espect\u00e1culo cient\u00edfico para las ni\u00f1as y los ni\u00f1os y tambi\u00e9n de Zientzia Club. Ya en la mar, este a\u00f1o pescaremos residuos marinos a bordo del barco Mater.<\/p>\n<div style=\"text-align: center; width: 100%;\">\n<div id=\"text-24\" class=\"widget widget_text\" style=\"text-align: center; max-width: 280px; margin-left: 30%;\">\n<p><a href=\"https:\/\/zientzia-astea.eus\/2025\/2025\/wp-content\/uploads\/2025\/10\/Zientzia-Astea-DONOSTIA-2025.pdf\" target=\"_blank\" rel=\"noopener\">Ver el programa (PDF)<\/a><\/p>\n<\/div>\n<\/div>\n<div class=\"anchor_class\" id=\"anchor_3_1\"><\/div><h3 class=\"titulo_bilbao_stands\">Txokos<\/h3><h5 class=\"titulo_bilbao_stands\" id=\"horarios-contenido\">aqui van los horarios<\/h5><ul class=\"bilbao_stands\"><li><a href=\"https:\/\/zientzia-astea.eus\/2025\/es\/schedule\/gipuzkoa-biofindegiak-plastikoen-kutsaduraren-aurka-lanean\/\">Biorrefiner\u00edas trabajando contra la contaminaci\u00f3n de pl\u00e1sticos<\/a><\/li><li><a href=\"https:\/\/zientzia-astea.eus\/2025\/es\/schedule\/gipuzkoa-zaintzen-duen-zientzia-bihotzetik-azalera\/\">Ciencia que cuida: del coraz\u00f3n a la piel<\/a><\/li><li><a href=\"https:\/\/zientzia-astea.eus\/2025\/es\/schedule\/gipuzkoa-energias-renovables\/\">Energ\u00edas renovables<\/a><\/li><li><a href=\"https:\/\/zientzia-astea.eus\/2025\/es\/schedule\/gipuzkoa-materialen-munduan-barrena\/\">Explorando el mundo de los materiales<\/a><\/li><li><a href=\"https:\/\/zientzia-astea.eus\/2025\/es\/schedule\/gipuzkoa-adimen-artifiziala-euskaraz\/\">Inteligencia artificial en euskera<\/a><\/li><li><a href=\"https:\/\/zientzia-astea.eus\/2025\/es\/schedule\/gipuzkoa-argia-soinua-eta-mugimendua\/\">Luz, sonido y movimiento<\/a><\/li><li><a href=\"https:\/\/zientzia-astea.eus\/2025\/es\/schedule\/gipuzkoa-motostudent\/\">Motostudent electric &#8211; eGIPUZKOA GIE UPV\/EHU<\/a><\/li><li><a href=\"https:\/\/zientzia-astea.eus\/2025\/es\/schedule\/gipuzkoa-robotica\/\">Rob\u00f3tica<\/a><\/li><li><a href=\"https:\/\/zientzia-astea.eus\/2025\/es\/schedule\/gipuzkoa-kimika-gara\/\">Somos qu\u00edmica<\/a><\/li><li><a href=\"https:\/\/zientzia-astea.eus\/2025\/es\/schedule\/gipuzkoa-etorkizuneko-etxebizitzak-eta-hiriak\/\">Viviendas y ciudades del futuro<\/a><\/li><\/ul>\n<div class=\"anchor_class\" id=\"anchor_3_3\"><\/div><h3 class=\"titulo_bilbao_stands\">Talleres<\/h3><ul class=\"bilbao_stands\"><li><a href=\"https:\/\/zientzia-astea.eus\/2025\/es\/schedule\/gipuzkoa-eraikin-osasuntsuak-eta-energetikoki-eraginkorrak\/\">Edificios saludables y energ\u00e9ticamente eficientes<\/a><\/li><li><a href=\"https:\/\/zientzia-astea.eus\/2025\/es\/schedule\/gipuzkoa-dinosauruen-mundua\/\">El mundo de los dinosaurios<\/a><\/li><li><a href=\"https:\/\/zientzia-astea.eus\/2025\/es\/schedule\/gipuzkoa-nire-ontzian\/\">En mi barco. Un juego contra el cambio clim\u00e1tico y por la sostenibilidad<\/a><\/li><li><a href=\"https:\/\/zientzia-astea.eus\/2025\/es\/schedule\/gipuzkoa-eskalatu-zure-mundua\/\">Escala tu mundo<\/a><\/li><li><a href=\"https:\/\/zientzia-astea.eus\/2025\/es\/schedule\/gipuzkoa-uhin-musikalak\/\">Ondas musicales: \u00a1experimenta y crea!<\/a><\/li><li><a href=\"https:\/\/zientzia-astea.eus\/2025\/es\/schedule\/gipuzkoa-qiskit-fall-fest-2025\/\">Qiskit Fall Fest 2025<\/a><\/li><li><a href=\"https:\/\/zientzia-astea.eus\/2025\/es\/schedule\/gipuzkoa-soinua-entzumena-eta-musika-tresnak\/\">Sonido, audici\u00f3n e instrumentos musicales<\/a><\/li><li><a href=\"https:\/\/zientzia-astea.eus\/2025\/es\/schedule\/gipuzkoa-haurrentzat-esperimentuen-tailerra\/\">Taller de experimentos infantiles<\/a><\/li><li><a href=\"https:\/\/zientzia-astea.eus\/2025\/es\/schedule\/gipuzkoa-egunean-zehar-iluntasuna\/\">\u00bfEs de d\u00eda pero est\u00e1 oscuro? \u00a1Vaya espect\u00e1culo!<\/a><\/li><\/ul>\n<div class=\"anchor_class\" id=\"anchor_3_4\"><\/div><h3 class=\"titulo_bilbao_stands\">Itinerarios did\u00e1cticos<\/h3><ul class=\"bilbao_stands\"><li><a href=\"https:\/\/zientzia-astea.eus\/2025\/es\/schedule\/gipuzkoa-herritarren-zientzia-itsas-hondakinen-arrantza\/\">Ciencia ciudadana: pesca de residuos marinos<\/a><\/li><li><a href=\"https:\/\/zientzia-astea.eus\/2025\/es\/schedule\/gipuzkoa-zigorraren-kutsadura\/\">La contaminaci\u00f3n del castigo: recorrido reflexivo por lugares de antiguas prisiones donostiarras<\/a><\/li><\/ul>\n<div class=\"anchor_class\" id=\"anchor_3_2\"><\/div><h3 class=\"titulo_bilbao_stands\">Conferencias<\/h3><ul class=\"bilbao_stands\"><li><a href=\"https:\/\/zientzia-astea.eus\/2025\/es\/schedule\/gipuzkoa-adimen-artifiziala\/\">Inteligencia artificial<\/a><\/li><li><a href=\"https:\/\/zientzia-astea.eus\/2025\/es\/schedule\/micro-y-nanoplasticos-una-amenaza-oculta-para-una-salud\/\">Micro y nanopl\u00e1sticos: \u00bfuna amenaza oculta para Una Salud?<\/a><\/li><\/ul>\n<div class=\"anchor_class\" id=\"anchor_3_5\"><\/div><h3 class=\"titulo_bilbao_stands\">Exposici\u00f3n<\/h3><ul class=\"bilbao_stands\"><li><a href=\"https:\/\/zientzia-astea.eus\/2025\/es\/schedule\/gipuzkoa-oceanus-plasticus\/\">Oceanus Plasticus<\/a><\/li><\/ul><div class=\"anchor_class\" id=\"anchor_3_6\"><\/div><h3 class=\"titulo_bilbao_stands\">Espect\u00e1culos<\/h3><ul class=\"bilbao_stands\"><li><a href=\"https:\/\/zientzia-astea.eus\/2025\/es\/schedule\/gipuzkoa-historiako-aurkikuntzarik-handiena\/\">El mayor descubrimiento de la historia<\/a><\/li><li><a href=\"https:\/\/zientzia-astea.eus\/2025\/es\/schedule\/gipuzkoa-zientzia-club\/\">Zientzia Club<\/a><\/li><\/ul><div class=\"anchor_class\" id=\"anchor_3_7\"><\/div><h3 class=\"titulo_bilbao_stands\">Otros<\/h3><ul class=\"bilbao_stands\"><li><a href=\"https:\/\/zientzia-astea.eus\/2025\/es\/schedule\/gipuzkoa-global-innovation-day\/\">Debate universitario en el Global Innovation Day<\/a><\/li><\/ul>\n<p><\/p>","protected":false},"excerpt":{"rendered":"<p>Del 6 al 8 de noviembre de 2025 en Tabakalera Este a\u00f1o el programa de actividades en San Sebasti\u00e1n se desarrollar\u00e1 en el Centro Internacional de Cultura Contempor\u00e1nea Tabakalera, que dar\u00e1 cabida a los txokos cient\u00edficos y ser\u00e1 la sede de los<\/p>\n","protected":false},"author":1,"featured_media":0,"parent":0,"menu_order":0,"comment_status":"closed","ping_status":"closed","template":"","meta":{"footnotes":""},"_links":{"self":[{"href":"https:\/\/zientzia-astea.eus\/2025\/es\/wp-json\/wp\/v2\/pages\/1523"}],"collection":[{"href":"https:\/\/zientzia-astea.eus\/2025\/es\/wp-json\/wp\/v2\/pages"}],"about":[{"href":"https:\/\/zientzia-astea.eus\/2025\/es\/wp-json\/wp\/v2\/types\/page"}],"author":[{"embeddable":true,"href":"https:\/\/zientzia-astea.eus\/2025\/es\/wp-json\/wp\/v2\/users\/1"}],"replies":[{"embeddable":true,"href":"https:\/\/zientzia-astea.eus\/2025\/es\/wp-json\/wp\/v2\/comments?post=1523"}],"version-history":[{"count":50,"href":"https:\/\/zientzia-astea.eus\/2025\/es\/wp-json\/wp\/v2\/pages\/1523\/revisions"}],"predecessor-version":[{"id":4816,"href":"https:\/\/zientzia-astea.eus\/2025\/es\/wp-json\/wp\/v2\/pages\/1523\/revisions\/4816"}],"wp:attachment":[{"href":"https:\/\/zientzia-astea.eus\/2025\/es\/wp-json\/wp\/v2\/media?parent=1523"}],"curies":[{"name":"wp","href":"https:\/\/api.w.org\/{rel}","templated":true}]}}