{"id":1521,"date":"2021-07-23T10:30:08","date_gmt":"2021-07-23T09:30:08","guid":{"rendered":"https:\/\/zientzia-astea.org\/?page_id=1521"},"modified":"2025-11-08T16:39:12","modified_gmt":"2025-11-08T14:39:12","slug":"zientzia-astea-vitoria-gasteiz","status":"publish","type":"page","link":"https:\/\/zientzia-astea.eus\/2025\/es\/zientzia-astea-vitoria-gasteiz\/","title":{"rendered":"Zientzia Astea Vitoria-Gasteiz"},"content":{"rendered":"<p><\/p>\n<h2>Del 6 al 9 de noviembre de 2025 en el Museo Bibat, en la Escuela de Ingenier\u00eda y en la Facultad de Farmacia de Vitoria-Gasteiz, en el Museo de Ciencias Naturales y en Izaskun Arrue Kulturgunea<\/h2>\n<p>M\u00e1s de <strong>treinta\u00a0actividades<\/strong> para todos los gustos es lo que ofrece Zientzia Astea en Vitoria-Gasteiz. El <strong>museo Bibat<\/strong>, sede de los museos de Arqueolog\u00eda y Fournier de Naipes, la <strong>Facultad de Farmacia<\/strong> y la <strong>Escuela de Ingenier\u00eda de Vitoria-Gasteiz<\/strong>, as\u00ed como el <strong>Museo de Ciencias Naturales<\/strong> y el <strong>Izaskun Arrue kulturgunea<\/strong>\u00a0acogen este a\u00f1o txokos, conferencias, un espect\u00e1culo cient\u00edfico, exposiciones y el ya hist\u00f3rico Zientzia Club, adem\u00e1s de una amplia oferta de talleres. \u00a1Y no olvides nuestras did\u00e1cticas visitas!<\/p>\n<div style=\"text-align: center; width: 100%;\">\n<div id=\"text-24\" class=\"widget widget_text\" style=\"text-align: center; max-width: 280px; margin-left: 30%;\">\n<p><a href=\"https:\/\/zientzia-astea.eus\/2025\/2025\/wp-content\/uploads\/2025\/11\/Zientzia-Astea-GASTEIZ-2025.pdf\" target=\"_blank\" rel=\"noopener\">Ver el programa (PDF)<\/a><\/p>\n<\/div>\n<\/div>\n<div class=\"anchor_class\" id=\"anchor_2_1\"><\/div><h3 class=\"titulo_bilbao_stands\">Txokos<\/h3><h5 class=\"titulo_bilbao_stands\" id=\"horarios-contenido\">aqui van los horarios<\/h5><ul class=\"bilbao_stands\"><li><a href=\"https:\/\/zientzia-astea.eus\/2025\/es\/schedule\/araba-txoko-e-racing\/\">E-Racing! Coches el\u00e9ctricos de competici\u00f3n<\/a><\/li><li><a href=\"https:\/\/zientzia-astea.eus\/2025\/es\/schedule\/araba-energia-berriztagarriak\/\">Energ\u00edas renovables<\/a><\/li><li><a href=\"https:\/\/zientzia-astea.eus\/2025\/es\/schedule\/araba-elebilabeko-ikertzaile-egun-batez\/\">Investigando con ELEBILAB por un d\u00eda<\/a><\/li><li><a href=\"https:\/\/zientzia-astea.eus\/2025\/es\/schedule\/araba-laslab\/\">LASLAB: \u00bfte atreves con el ingl\u00e9s?<\/a><\/li><li><a href=\"https:\/\/zientzia-astea.eus\/2025\/es\/schedule\/araba-hizkuntzaren-zientzia\/\">La ciencia del lenguaje<\/a><\/li><li><a href=\"https:\/\/zientzia-astea.eus\/2025\/es\/schedule\/araba-micro-y-nanotecnologia-al-servicio-de-la-sociedad\/\">Micro y nanotecnolog\u00eda al servicio de la sociedad<\/a><\/li><li><a href=\"https:\/\/zientzia-astea.eus\/2025\/es\/schedule\/araba-osasun-iraunkorra\/\">Salud sostenible<\/a><\/li><li><a href=\"https:\/\/zientzia-astea.eus\/2025\/es\/schedule\/araba-motorsport\/\">UPV\/EHU Araba MotorSport<\/a><\/li><\/ul>\n<div class=\"anchor_class\" id=\"anchor_2_3\"><\/div><h3 class=\"titulo_bilbao_stands\">Talleres<\/h3><ul class=\"bilbao_stands\"><li><a href=\"https:\/\/zientzia-astea.eus\/2025\/es\/schedule\/araba-termografiarekin-ikasten\/\">Aprendiendo con termograf\u00eda<\/a><\/li><li><a href=\"https:\/\/zientzia-astea.eus\/2025\/es\/schedule\/araba-e-racing-lehiaketa-auto-elektrikoak\/\">E-Racing! Coches el\u00e9ctricos de competici\u00f3n<\/a><\/li><li><a href=\"https:\/\/zientzia-astea.eus\/2025\/es\/schedule\/araba-escape-lab-kode-kimikoa\/\">ESCAPE LAB: el c\u00f3digo qu\u00edmico<\/a><\/li><li><a href=\"https:\/\/zientzia-astea.eus\/2025\/es\/schedule\/editatona-de-wikipedia-sobre-mujeres-cientificas\/\">Editatona de Wikipedia sobre mujeres cient\u00edficas<\/a><\/li><li><a href=\"https:\/\/zientzia-astea.eus\/2025\/es\/schedule\/araba-artikulu-galduaren-bila\/\">En busca del art\u00edculo perdido<\/a><\/li><li><a href=\"https:\/\/zientzia-astea.eus\/2025\/es\/schedule\/araba-esploratu-iragana\/\">Explora el pasado: una aventura arqueol\u00f3gica<\/a><\/li><li><a href=\"https:\/\/zientzia-astea.eus\/2025\/es\/schedule\/araba-polimeroak-ezagutu-eta-esperimentatu\/\">Explora y experimenta con pol\u00edmeros<\/a><\/li><li><a href=\"https:\/\/zientzia-astea.eus\/2025\/es\/schedule\/araba-zure-birikak-eraikitzen\/\">Fabrica tus pulmones<\/a><\/li><li><a href=\"https:\/\/zientzia-astea.eus\/2025\/es\/schedule\/araba-farmazialaria-egun-batez\/\">Farmac\u00e9utica o farmac\u00e9utico por un d\u00eda: la importancia de proteger nuestra piel<\/a><\/li><li><a href=\"https:\/\/zientzia-astea.eus\/2025\/es\/schedule\/araba-magia-dirudi-fisika-da\/\">Magia parece, f\u00edsica es<\/a><\/li><li><a href=\"https:\/\/zientzia-astea.eus\/2025\/es\/schedule\/araba-neurokarrera\/\">Neurocarrera: salva tu mente, salva el planeta<\/a><\/li><li><a href=\"https:\/\/zientzia-astea.eus\/2025\/es\/schedule\/araba-erromatarrak-nola-bizi-plastikorik-gabe\/\">Romanos: \u00bfc\u00f3mo vivir sin pl\u00e1stico?<\/a><\/li><li><a href=\"https:\/\/zientzia-astea.eus\/2025\/es\/schedule\/gazteiz-bihotz-birikak-bizkortzeko-eta-eztarria-trabatzen-zaienean\/\">Taller pr\u00e1ctico de reanimaci\u00f3n cardiopulmonar y actuaci\u00f3n ante un atragantamiento a ni\u00f1os y adultos<\/a><\/li><li><a href=\"https:\/\/zientzia-astea.eus\/2025\/es\/schedule\/araba-zatoz-gurekin-eraikitzera\/\">Ven a construir con nosotros y nosotras<\/a><\/li><li><a href=\"https:\/\/zientzia-astea.eus\/2025\/es\/schedule\/araba-zientzilari-egun-batez\/\">\u00a1Cient\u00edfic@s por un d\u00eda!<\/a><\/li><\/ul>\n<div class=\"anchor_class\" id=\"anchor_2_4\"><\/div><h3 class=\"titulo_bilbao_stands\">Itinerarios did\u00e1cticos<\/h3><ul class=\"bilbao_stands\"><li><a href=\"https:\/\/zientzia-astea.eus\/2025\/es\/schedule\/geologia-ciudadana-el-pasado-de-nuestras-rocas\/\">Geolog\u00eda ciudadana: El pasado de nuestras rocas<\/a><\/li><li><a href=\"https:\/\/zientzia-astea.eus\/2025\/es\/schedule\/araba-open-air-laboratory\/\">Laboratorio al Aire Libre: Los l\u00edquenes de Vitoria<\/a><\/li><li><a href=\"https:\/\/zientzia-astea.eus\/2025\/es\/schedule\/araba-termografia-eta-birgaitzeen-ibilaldia\/\">Ruta Termogr\u00e1fica + Rehabilitaci\u00f3n<\/a><\/li><\/ul>\n<div class=\"anchor_class\" id=\"anchor_2_2\"><\/div><h3 class=\"titulo_bilbao_stands\">Conferencias<\/h3><ul class=\"bilbao_stands\"><li><a href=\"https:\/\/zientzia-astea.eus\/2025\/es\/schedule\/araba-nola-ikusi-2026ko-eguzki-eklipse-osoa\/\">C\u00f3mo ver el eclipse total de Sol de 2026 (\u00a1sin quedarse ciego en el intento!)<\/a><\/li><li><a href=\"https:\/\/zientzia-astea.eus\/2025\/es\/schedule\/araba-teknologia-helenistikoa-eta-bizantziarra\/\">Tecnolog\u00eda helen\u00edstica y bizantina<\/a><\/li><li><a href=\"https:\/\/zientzia-astea.eus\/2025\/es\/schedule\/araba-eman-izarrak-bueltan\/\">\u00a1Devu\u00e9lveme las estrellas!<\/a><\/li><\/ul>\n<div class=\"anchor_class\" id=\"anchor_2_5\"><\/div><h3 class=\"titulo_bilbao_stands\">Exposici\u00f3n<\/h3><ul class=\"bilbao_stands\"><li><a href=\"https:\/\/zientzia-astea.eus\/2025\/es\/schedule\/araba-ingurumen-jardunbide-egokia\/\">Buenas pr\u00e1cticas ambientales<\/a><\/li><li><a href=\"https:\/\/zientzia-astea.eus\/2025\/es\/schedule\/araba-ur-tantetako-biztanleak\/\">Habitantes de las gotas de agua<\/a><\/li><\/ul><div class=\"anchor_class\" id=\"anchor_2_6\"><\/div><h3 class=\"titulo_bilbao_stands\">Espect\u00e1culos<\/h3><ul class=\"bilbao_stands\"><li><a href=\"https:\/\/zientzia-astea.eus\/2025\/es\/schedule\/araba-abentura-kuantikoa\/\">Aventura cu\u00e1ntica<\/a><\/li><li><a href=\"https:\/\/zientzia-astea.eus\/2025\/es\/schedule\/araba-zientzia-club\/\">Zientzia Club<\/a><\/li><\/ul><\/p>","protected":false},"excerpt":{"rendered":"<p>Del 6 al 9 de noviembre de 2025 en el Museo Bibat, en la Escuela de Ingenier\u00eda y en la Facultad de Farmacia de Vitoria-Gasteiz, en el Museo de Ciencias Naturales y en Izaskun Arrue Kulturgunea M\u00e1s de treinta\u00a0actividades para todos los<\/p>\n","protected":false},"author":1,"featured_media":0,"parent":0,"menu_order":0,"comment_status":"closed","ping_status":"closed","template":"","meta":{"footnotes":""},"_links":{"self":[{"href":"https:\/\/zientzia-astea.eus\/2025\/es\/wp-json\/wp\/v2\/pages\/1521"}],"collection":[{"href":"https:\/\/zientzia-astea.eus\/2025\/es\/wp-json\/wp\/v2\/pages"}],"about":[{"href":"https:\/\/zientzia-astea.eus\/2025\/es\/wp-json\/wp\/v2\/types\/page"}],"author":[{"embeddable":true,"href":"https:\/\/zientzia-astea.eus\/2025\/es\/wp-json\/wp\/v2\/users\/1"}],"replies":[{"embeddable":true,"href":"https:\/\/zientzia-astea.eus\/2025\/es\/wp-json\/wp\/v2\/comments?post=1521"}],"version-history":[{"count":71,"href":"https:\/\/zientzia-astea.eus\/2025\/es\/wp-json\/wp\/v2\/pages\/1521\/revisions"}],"predecessor-version":[{"id":4854,"href":"https:\/\/zientzia-astea.eus\/2025\/es\/wp-json\/wp\/v2\/pages\/1521\/revisions\/4854"}],"wp:attachment":[{"href":"https:\/\/zientzia-astea.eus\/2025\/es\/wp-json\/wp\/v2\/media?parent=1521"}],"curies":[{"name":"wp","href":"https:\/\/api.w.org\/{rel}","templated":true}]}}