{"id":1517,"date":"2021-07-23T10:27:56","date_gmt":"2021-07-23T09:27:56","guid":{"rendered":"https:\/\/zientzia-astea.org\/?page_id=1517"},"modified":"2025-10-09T15:02:41","modified_gmt":"2025-10-09T13:02:41","slug":"zientzia-astea-barakaldo","status":"publish","type":"page","link":"https:\/\/zientzia-astea.eus\/2025\/es\/zientzia-astea-barakaldo\/","title":{"rendered":"Zientzia Astea Barakaldo"},"content":{"rendered":"<p><\/p>\n<h2>Del 5 al 9 de noviembre de 2025 en el Centro C\u00edvico Clara Campoamor<\/h2>\n<p>Zientzia Astea ofrece en Barakaldo numerosas actividades que van a girar en torno a la tem\u00e1tica conductora de esta edici\u00f3n: \u201c<em>Zientzia plastikorik gabeko planeta baten alde- Ciencia para un planeta sin pl\u00e1sticos<\/em>\u201d.<\/p>\n<p><strong>En la sede de BARAKALDO las inscripciones para los talleres infantiles y familiares se abrir\u00e1n el d\u00eda 27 de octubre de 2025.<\/strong><\/p>\n<p>Exposiciones, charla, actividades para escolares, talleres infantiles de ciencia, rob\u00f3tica y tecnolog\u00eda, txokos y talleres en familia de ciencia y creaci\u00f3n sostenible, recorridos y talleres medioambientales\u2026y adem\u00e1s, nuestro hist\u00f3rico Zientzia Club.<\/p>\n<div class=\"anchor_class\" id=\"anchor_4_1\"><\/div><h3 class=\"titulo_bilbao_stands\">Txokos<\/h3><h5 class=\"titulo_bilbao_stands\" id=\"horarios-contenido\">aqui van los horarios<\/h5><ul class=\"bilbao_stands\"><li><a href=\"https:\/\/zientzia-astea.eus\/2025\/es\/schedule\/barakaldo-makers\/\">Barakaldo Makers<\/a><\/li><li><a href=\"https:\/\/zientzia-astea.eus\/2025\/es\/schedule\/barakaldo-itsas-hondoa-ezagutzen\/\">Conociendo el fondo del mar<\/a><\/li><li><a href=\"https:\/\/zientzia-astea.eus\/2025\/es\/schedule\/barakaldo-garunaren-mundu-liluragarria\/\">El fascinante mundo del cerebro<\/a><\/li><li><a href=\"https:\/\/zientzia-astea.eus\/2025\/es\/schedule\/barakaldo-eco-escape-misioa\/\">Escape Room virtual. Misi\u00f3n Eco Escape<\/a><\/li><li><a href=\"https:\/\/zientzia-astea.eus\/2025\/es\/schedule\/barakaldo-familientzako-esperimentuak\/\">Experimentando en familia<\/a><\/li><\/ul>\n<div class=\"anchor_class\" id=\"anchor_4_3\"><\/div><h3 class=\"titulo_bilbao_stands\">Talleres<\/h3><ul class=\"bilbao_stands\"><li><a href=\"https:\/\/zientzia-astea.eus\/2025\/es\/schedule\/barakaldo-adn-agerian\/\">ADN a la vista (Taller de ciencia en familia)<\/a><\/li><li><a href=\"https:\/\/zientzia-astea.eus\/2025\/es\/schedule\/barakaldo-aerosorgailuak\/\">Aerogeneradores (Taller de ciencia en familia)<\/a><\/li><li><a href=\"https:\/\/zientzia-astea.eus\/2025\/es\/schedule\/barakaldo-lagundu-dezagun-naturari-ingurumena-garbitzen\/\">Ayudemos a la naturaleza a limpiar el medio ambiente (Taller de ciencia en familia)<\/a><\/li><li><a href=\"https:\/\/zientzia-astea.eus\/2025\/es\/schedule\/barakaldo-birziklatzeko-uhal-garraiatzailea-lego-technicekin\/\">Cinta transportadora de reciclaje con LEGO Technic (Taller de rob\u00f3tica y programaci\u00f3n)<\/a><\/li><li><a href=\"https:\/\/zientzia-astea.eus\/2025\/es\/schedule\/barakaldo-smart-lego-edukiontzia\/\">Contenedor Smart Lego. Reciclaje inteligente (Taller de rob\u00f3tica y programaci\u00f3n)<\/a><\/li><li><a href=\"https:\/\/zientzia-astea.eus\/2025\/es\/schedule\/barakaldo-plastikozko-botilak-erabiliz-sormena-landu\/\">Creatividad con botellas de pl\u00e1stico (Taller medioambiental en familia)<\/a><\/li><li><a href=\"https:\/\/zientzia-astea.eus\/2025\/es\/schedule\/barakaldo-ikusezinaren-laborategia\/\">El laboratorio de lo invisible (Taller de ciencia)<\/a><\/li><li><a href=\"https:\/\/zientzia-astea.eus\/2025\/es\/schedule\/barakaldo-ozeano-araztegia\/\">Escape room. Depurador oce\u00e1nico (Taller de ciencia)<\/a><\/li><li><a href=\"https:\/\/zientzia-astea.eus\/2025\/es\/schedule\/barakaldo-planeta-urdina-erreskatatzea\/\">Escape room. Rescate del planeta azul (Taller de ciencia)<\/a><\/li><li><a href=\"https:\/\/zientzia-astea.eus\/2025\/es\/schedule\/barakaldo-robot-sailkatzaileak\/\">Misi\u00f3n reciclaje. Robots clasificadores (Taller de rob\u00f3tica y programaci\u00f3n)<\/a><\/li><li><a href=\"https:\/\/zientzia-astea.eus\/2025\/es\/schedule\/barakaldo-papiroflexia-matematikoa-2\/\">Papiroflexia matem\u00e1tica (Taller de ciencia en familia)<\/a><\/li><li><a href=\"https:\/\/zientzia-astea.eus\/2025\/es\/schedule\/barakaldo-b-planeta\/\">Planeta B. B de botella (Taller medioambiental en familia)<\/a><\/li><li><a href=\"https:\/\/zientzia-astea.eus\/2025\/es\/schedule\/barakaldo-sakonera-ozeanikoak\/\">Profundidades oce\u00e1nicas (Taller de ciencia)<\/a><\/li><li><a href=\"https:\/\/zientzia-astea.eus\/2025\/es\/schedule\/barakaldo-plastiko-arrastoen-jarraitzaileak\/\">Rastreadores del pl\u00e1stico (Taller de ciencia)<\/a><\/li><li><a href=\"https:\/\/zientzia-astea.eus\/2025\/es\/schedule\/barakaldo-errealitate-birtuala-birziklatu-eta-murriztu-plastikoen-erabilera\/\">Realidad virtual. Recicla y reduce el uso de pl\u00e1stico (Taller de rob\u00f3tica y programaci\u00f3n)<\/a><\/li><li><a href=\"https:\/\/zientzia-astea.eus\/2025\/es\/schedule\/barakaldo-ocean-rift-eta-zosu-ocean-errealitate-birtuala\/\">Realidad virtual: \u201cOcean Rift\u201d y \u201cZosu Ocean\u201d (Taller de rob\u00f3tica y programaci\u00f3n)<\/a><\/li><li><a href=\"https:\/\/zientzia-astea.eus\/2025\/es\/schedule\/barakaldo-eguzki-erlojua\/\">Reloj solar. L\u00e1piz 3D y upcycling (Taller de rob\u00f3tica y programaci\u00f3n)<\/a><\/li><li><a href=\"https:\/\/zientzia-astea.eus\/2025\/es\/schedule\/barakaldo-wastesharkt-robota\/\">Robot WasteSharkt contra la contaminaci\u00f3n marina (Taller de rob\u00f3tica y programaci\u00f3n)<\/a><\/li><li><a href=\"https:\/\/zientzia-astea.eus\/2025\/es\/schedule\/barakaldo-robot-pintorea\/\">Robot pintor. Upcycling y placa micro:bit (Taller de rob\u00f3tica y programaci\u00f3n)<\/a><\/li><li><a href=\"https:\/\/zientzia-astea.eus\/2025\/es\/schedule\/barakaldo-etxeko-urpekoa\/\">Submarino casero (Taller de ciencia)<\/a><\/li><li><a href=\"https:\/\/zientzia-astea.eus\/2025\/es\/schedule\/barakaldo-liburu-artistiko-bat-birziklatutako-materialekin\/\">Un libro art\u00edstico con materiales reciclados (Taller de creaci\u00f3n sostenible en familia)<\/a><\/li><\/ul>\n<div class=\"anchor_class\" id=\"anchor_4_4\"><\/div><h3 class=\"titulo_bilbao_stands\">Itinerarios did\u00e1cticos<\/h3><ul class=\"bilbao_stands\"><li><a href=\"https:\/\/zientzia-astea.eus\/2025\/es\/schedule\/barakaldo-motxila-ikertzailea\/\">Mochila exploradora<\/a><\/li><li><a href=\"https:\/\/zientzia-astea.eus\/2025\/es\/schedule\/barakaldo-lorategia-ezagutzen\/\">Visita guiada en el Jard\u00edn Bot\u00e1nico de Barakaldo: Conociendo el jard\u00edn<\/a><\/li><\/ul>\n<div class=\"anchor_class\" id=\"anchor_4_2\"><\/div><h3 class=\"titulo_bilbao_stands\">Conferencias<\/h3><ul class=\"bilbao_stands\"><li><a href=\"https:\/\/zientzia-astea.eus\/2025\/es\/schedule\/barakaldo-como-la-piel-nos-protege-del-sol\/\">C\u00f3mo la piel nos protege del sol: la importancia de la pigmentaci\u00f3n y la microbiota<\/a><\/li><\/ul>\n<div class=\"anchor_class\" id=\"anchor_4_5\"><\/div><h3 class=\"titulo_bilbao_stands\">Exposici\u00f3n<\/h3><ul class=\"bilbao_stands\"><li><a href=\"https:\/\/zientzia-astea.eus\/2025\/es\/schedule\/barakaldo-artea-zientzia-teknologia-eta-gizartea\/\">Arte, Ciencia, Tecnolog\u00eda y Sociedad<\/a><\/li><li><a href=\"https:\/\/zientzia-astea.eus\/2025\/es\/schedule\/barakaldo-zientzia-kalean\/\">Ciencia en la calle<\/a><\/li><li><a href=\"https:\/\/zientzia-astea.eus\/2025\/es\/schedule\/barakaldo-oceanus-plasticus\/\">Oceanus Plasticus<\/a><\/li><li><a href=\"https:\/\/zientzia-astea.eus\/2025\/es\/schedule\/barakaldo-saihestu-plastikoa\/\">\u00a1Evita el pl\u00e1stico!<\/a><\/li><\/ul><div class=\"anchor_class\" id=\"anchor_4_6\"><\/div><h3 class=\"titulo_bilbao_stands\">Espect\u00e1culos<\/h3><ul class=\"bilbao_stands\"><li><a href=\"https:\/\/zientzia-astea.eus\/2025\/es\/schedule\/barakaldo-espectaculo-cientifico\/\">Espect\u00e1culo cient\u00edfico: Hielo &#038; Fuego<\/a><\/li><li><a href=\"https:\/\/zientzia-astea.eus\/2025\/es\/schedule\/barakaldo-plast-and-co\/\">Espect\u00e1culo teatral. Plast &#038; Co.<\/a><\/li><li><a href=\"https:\/\/zientzia-astea.eus\/2025\/es\/schedule\/barakaldo-zientzia-club\/\">Zientzia Club<\/a><\/li><\/ul><div class=\"anchor_class\" id=\"anchor_4_7\"><\/div><h3 class=\"titulo_bilbao_stands\">Otros<\/h3><ul class=\"bilbao_stands\"><li><a href=\"https:\/\/zientzia-astea.eus\/2025\/es\/schedule\/barakaldo-paperezko-etorkizuna\/\">Paperezko etorkizuna<\/a><\/li><li><a href=\"https:\/\/zientzia-astea.eus\/2025\/es\/schedule\/barakaldo-hondarrak-gehitzea\/\">Sumar los restos<\/a><\/li><\/ul>\n<div class=\"anchor_class\" id=\"anchor_4_12\"><\/div><h3 class=\"titulo_bilbao_stands\">Talleres - Centros Escolares<\/h3><ul class=\"bilbao_stands\"><li><a href=\"https:\/\/zientzia-astea.eus\/2025\/es\/schedule\/barakaldo-eco-escape-misioa-eta-oceanus-plasticus\/\">Taller \u201cEcoEscape misioa: Salbatu planeta plastikoetatik!\u201d + visita a la exposici\u00f3n \u201cOceanus Plasticus\u201d<\/a><\/li><\/ul><\/p>","protected":false},"excerpt":{"rendered":"<p>Del 5 al 9 de noviembre de 2025 en el Centro C\u00edvico Clara Campoamor Zientzia Astea ofrece en Barakaldo numerosas actividades que van a girar en torno a la tem\u00e1tica conductora de esta edici\u00f3n: \u201cZientzia plastikorik gabeko planeta baten alde- Ciencia para<\/p>\n","protected":false},"author":1,"featured_media":0,"parent":0,"menu_order":0,"comment_status":"closed","ping_status":"closed","template":"","meta":{"footnotes":""},"_links":{"self":[{"href":"https:\/\/zientzia-astea.eus\/2025\/es\/wp-json\/wp\/v2\/pages\/1517"}],"collection":[{"href":"https:\/\/zientzia-astea.eus\/2025\/es\/wp-json\/wp\/v2\/pages"}],"about":[{"href":"https:\/\/zientzia-astea.eus\/2025\/es\/wp-json\/wp\/v2\/types\/page"}],"author":[{"embeddable":true,"href":"https:\/\/zientzia-astea.eus\/2025\/es\/wp-json\/wp\/v2\/users\/1"}],"replies":[{"embeddable":true,"href":"https:\/\/zientzia-astea.eus\/2025\/es\/wp-json\/wp\/v2\/comments?post=1517"}],"version-history":[{"count":27,"href":"https:\/\/zientzia-astea.eus\/2025\/es\/wp-json\/wp\/v2\/pages\/1517\/revisions"}],"predecessor-version":[{"id":4736,"href":"https:\/\/zientzia-astea.eus\/2025\/es\/wp-json\/wp\/v2\/pages\/1517\/revisions\/4736"}],"wp:attachment":[{"href":"https:\/\/zientzia-astea.eus\/2025\/es\/wp-json\/wp\/v2\/media?parent=1517"}],"curies":[{"name":"wp","href":"https:\/\/api.w.org\/{rel}","templated":true}]}}