{"id":1507,"date":"2021-07-23T08:08:41","date_gmt":"2021-07-23T08:08:41","guid":{"rendered":"https:\/\/zientzia-astea.org\/?page_id=1507"},"modified":"2025-11-06T21:38:12","modified_gmt":"2025-11-06T19:38:12","slug":"zientzia-astea-bilbao","status":"publish","type":"page","link":"https:\/\/zientzia-astea.eus\/2025\/es\/zientzia-astea-bilbao\/","title":{"rendered":"Zientzia Astea Bilbao"},"content":{"rendered":"<p><\/p>\n<h2>Del 5 al 9 de noviembre de 2025 en Bizkaia Aretoa<\/h2>\n<p>Durante estos d\u00edas la ciencia, la tecnolog\u00eda y la innovaci\u00f3n tomar\u00e1n el edificio dise\u00f1ado por el famoso arquitecto \u00c1lvaro Siza.<\/p>\n<p>Bizkaia Aretoa acoge este a\u00f1o m\u00e1s de <strong>sesenta y cinco actividades<\/strong> entre txokos de ciencia, talleres, exposiciones, concurso fotogr\u00e1fico, conferencias, espect\u00e1culo cient\u00edfico y los mon\u00f3logos de Zientzia Club, sin olvidar las estimulantes visitas guiadas por distintos escenarios de Bilbao.<\/p>\n<div style=\"text-align: center; width: 100%;\"><\/div>\n<div id=\"text-24\" class=\"widget widget_text\" style=\"text-align: center; max-width: 280px; margin-left: 30%;\">\n<p><a href=\"https:\/\/zientzia-astea.eus\/2025\/2025\/wp-content\/uploads\/2025\/11\/Zientzia-Astea-BILBAO-2025.pdf\" target=\"_blank\" rel=\"noopener\">Ver el programa (PDF)<\/a><\/p>\n<\/div>\n<div class=\"anchor_class\" id=\"anchor_1_1\"><\/div><h3 class=\"titulo_bilbao_stands\">Txokos<\/h3><h5 class=\"titulo_bilbao_stands\" id=\"horarios-contenido\">aqui van los horarios<\/h5><ul class=\"bilbao_stands\"><li><a href=\"https:\/\/zientzia-astea.eus\/2025\/es\/schedule\/bilbao-txoko-she-mentoring\/\">#SheMentoring, investigadoras que podr\u00edas cruzarte por la calle<\/a><\/li><li><a href=\"https:\/\/zientzia-astea.eus\/2025\/es\/schedule\/bilbao-biosistemak\/\">Biosistemas<\/a><\/li><li><a href=\"https:\/\/zientzia-astea.eus\/2025\/es\/schedule\/bilbao-katalizatzaileak\/\">Catalizadores: Impulsando reacciones y soluciones<\/a><\/li><li><a href=\"https:\/\/zientzia-astea.eus\/2025\/es\/schedule\/bilbao-gure-osasuna-zainduz\/\">Cuidando de nuestra salud<\/a><\/li><li><a href=\"https:\/\/zientzia-astea.eus\/2025\/es\/schedule\/bilbao-algen-mundua\/\">El mundo de las algas<\/a><\/li><li><a href=\"https:\/\/zientzia-astea.eus\/2025\/es\/schedule\/bilbao-elektronika-aplikatua\/\">Electr\u00f3nica aplicada<\/a><\/li><li><a href=\"https:\/\/zientzia-astea.eus\/2025\/es\/schedule\/bilbao-energia-berriztagarriak\/\">Energ\u00edas renovables<\/a><\/li><li><a href=\"https:\/\/zientzia-astea.eus\/2025\/es\/schedule\/bilbao-experimentuak-argitzen\/\">Experimentos que aLUZinas<\/a><\/li><li><a href=\"https:\/\/zientzia-astea.eus\/2025\/es\/schedule\/bilbao-formula-student-bizkaia\/\">Formula Student Bizkaia<\/a><\/li><li><a href=\"https:\/\/zientzia-astea.eus\/2025\/es\/schedule\/bilbao-adimen-artifiziala-euskaraz\/\">Inteligencia artificial en euskera<\/a><\/li><li><a href=\"https:\/\/zientzia-astea.eus\/2025\/es\/schedule\/bilbao-miszelaneak\/\">Miscel\u00e1neas<\/a><\/li><li><a href=\"https:\/\/zientzia-astea.eus\/2025\/es\/schedule\/bilbao-plastikoaren-aurkako-neutroiak\/\">Neutrones contra el pl\u00e1stico<\/a><\/li><li><a href=\"https:\/\/zientzia-astea.eus\/2025\/es\/schedule\/bilbao-bizitza-hobe-baterako-material-jasangarri-berriak\/\">Nuevos materiales sostenibles para una vida mejor<\/a><\/li><li><a href=\"https:\/\/zientzia-astea.eus\/2025\/es\/schedule\/bilbao-emakume-zientzialaria-izan-nahi-dut\/\">Quiero ser cient\u00edficA: mujeres contra micropl\u00e1sticos<\/a><\/li><li><a href=\"https:\/\/zientzia-astea.eus\/2025\/es\/schedule\/bilbao-kimika\/\">Qu\u00edmica<\/a><\/li><li><a href=\"https:\/\/zientzia-astea.eus\/2025\/es\/schedule\/bilbao-robotika-eta-kontrola\/\">Rob\u00f3tica y control<\/a><\/li><li><a href=\"https:\/\/zientzia-astea.eus\/2025\/es\/schedule\/bilbao-salud-rendimiento-y-envejecimiento\/\">Salud, rendimiento y envejecimiento: Lo que las biomol\u00e9culas nos pueden contar<\/a><\/li><li><a href=\"https:\/\/zientzia-astea.eus\/2025\/es\/schedule\/bilbao-txoko-tek\/\">Txoko-tek<\/a><\/li><li><a href=\"https:\/\/zientzia-astea.eus\/2025\/es\/schedule\/bilbao-mikromundua\/\">Un MICROmundo, una excelente SALUD<\/a><\/li><li><a href=\"https:\/\/zientzia-astea.eus\/2025\/es\/schedule\/bilbao-zer-egiten-dute-drogek-zure-burmuinean\/\">\u00bfQu\u00e9 hacen las drogas en tu cerebro?<\/a><\/li><\/ul>\n<div class=\"anchor_class\" id=\"anchor_1_3\"><\/div><h3 class=\"titulo_bilbao_stands\">Talleres<\/h3><ul class=\"bilbao_stands\"><li><a href=\"https:\/\/zientzia-astea.eus\/2025\/es\/schedule\/bilbao-sare-sozialak-aztertuz\/\">Analizando las redes sociales: yo y mis relaciones<\/a><\/li><li><a href=\"https:\/\/zientzia-astea.eus\/2025\/es\/schedule\/bilbao-lagundu-diezaiogun-naturari-ingurumena-garbitzen\/\">Ayudemos a la naturaleza a limpiar el medio ambiente<\/a><\/li><li><a href=\"https:\/\/zientzia-astea.eus\/2025\/es\/schedule\/bilbao-herritarren-zientzia-astronomian\/\">Ciencia ciudadana en astronom\u00eda<\/a><\/li><li><a href=\"https:\/\/zientzia-astea.eus\/2025\/es\/schedule\/bilbao-emakumezkoek-egindako-zientzia\/\">Ciencia en femenino<\/a><\/li><li><a href=\"https:\/\/zientzia-astea.eus\/2025\/es\/schedule\/bilbao-itsas-kutsadura-ikusezina\/\">Contaminaci\u00f3n marina invisible<\/a><\/li><li><a href=\"https:\/\/zientzia-astea.eus\/2025\/es\/schedule\/bilbao-ibuprofeno-o-paracetamol\/\">Contra el dolor, \u00bfibuprofeno o paracetamol?<\/a><\/li><li><a href=\"https:\/\/zientzia-astea.eus\/2025\/es\/schedule\/bilbao-plastikozko-gorputzak-gorputz-errealak\/\">Cuerpos de pl\u00e1stico &#038; cuerpos reales<\/a><\/li><li><a href=\"https:\/\/zientzia-astea.eus\/2025\/es\/schedule\/bilbao-itsasotik-paperera\/\">Del mar al papel: taller de algario<\/a><\/li><li><a href=\"https:\/\/zientzia-astea.eus\/2025\/es\/schedule\/bilbao-ezagutu-sekretua-zure-platerean\/\">Descubre el secreto en tu plato<\/a><\/li><li><a href=\"https:\/\/zientzia-astea.eus\/2025\/es\/schedule\/bilbao-ariketa-fisikoa-eta-minbizia\/\">Ejercicio f\u00edsico y c\u00e1ncer. M\u00e1s all\u00e1 de los mitos: el poder del movimiento frente al c\u00e1ncer<\/a><\/li><li><a href=\"https:\/\/zientzia-astea.eus\/2025\/es\/schedule\/bilbao-polimeroekin-esploratu-eta-esperimentatu\/\">Explora y experimenta con pol\u00edmeros<\/a><\/li><li><a href=\"https:\/\/zientzia-astea.eus\/2025\/es\/schedule\/bilbao-gyotaku-eta-cianotipia\/\">Gyotaku y cianotipia: aprende a dibujar la biodiversidad marina<\/a><\/li><li><a href=\"https:\/\/zientzia-astea.eus\/2025\/es\/schedule\/bilbao-itsasoa-gazia-ala-ozpindua\/\">La mar, \u00bfsalada o avinagrada?<\/a><\/li><li><a href=\"https:\/\/zientzia-astea.eus\/2025\/es\/schedule\/bilbao-mikroalgak\/\">Microalgas: un mundo desconocido<\/a><\/li><li><a href=\"https:\/\/zientzia-astea.eus\/2025\/es\/schedule\/bilbao-emakumeak-zientzian-mikroplastikoen-aurka\/\">Mujeres en la ciencia contra los micropl\u00e1sticos<\/a><\/li><li><a href=\"https:\/\/zientzia-astea.eus\/2025\/es\/schedule\/bilbao-neurokarrera\/\">Neurocarrera: salva tu mente, salva el planeta<\/a><\/li><li><a href=\"https:\/\/zientzia-astea.eus\/2025\/es\/schedule\/bilbao-olatuak-energia-eta-legoak\/\">Olas, energ\u00eda y legos<\/a><\/li><li><a href=\"https:\/\/zientzia-astea.eus\/2025\/es\/schedule\/bilbao-papiroflexia-matematikoa\/\">Papiroflexia matem\u00e1tica<\/a><\/li><li><a href=\"https:\/\/zientzia-astea.eus\/2025\/es\/schedule\/bilbao-rfid-etiketak\/\">Taller de etiquetas RFID: la tecnolog\u00eda que nos conecta<\/a><\/li><li><a href=\"https:\/\/zientzia-astea.eus\/2025\/es\/schedule\/bilbao-toolbox\/\">Toolbox: aprendizaje sin barreras<\/a><\/li><li><a href=\"https:\/\/zientzia-astea.eus\/2025\/es\/schedule\/bilbao-sortu-zure-planeta\/\">\u00a1Crea tu planeta!<\/a><\/li><li><a href=\"https:\/\/zientzia-astea.eus\/2025\/es\/schedule\/bilbao-zer-zapore-du-urak\/\">\u00bfA qu\u00e9 sabe el agua?<\/a><\/li><li><a href=\"https:\/\/zientzia-astea.eus\/2025\/es\/schedule\/bilbao-titular-matxistak-antzemango-zenituzke\/\">\u00bfDetectar\u00edas los titulares machistas?<\/a><\/li><li><a href=\"https:\/\/zientzia-astea.eus\/2025\/es\/schedule\/bilbao-egunean-zehar-iluntasuna\/\">\u00bfEs de d\u00eda pero est\u00e1 oscuro? \u00a1Vaya espect\u00e1culo!<\/a><\/li><li><a href=\"https:\/\/zientzia-astea.eus\/2025\/es\/schedule\/bilbao-plastikorik-gabe-bizi-gaitezke\/\">\u00bfPodemos vivir sin pl\u00e1sticos?<\/a><\/li><li><a href=\"https:\/\/zientzia-astea.eus\/2025\/es\/schedule\/bilbao-zer-dio-botika-baten-kutxak\/\">\u00bfQu\u00e9 me dice la caja de un medicamento?<\/a><\/li><li><a href=\"https:\/\/zientzia-astea.eus\/2025\/es\/schedule\/bilbao-modara-zoaz\/\">\u00bfVas a la moda? Los secretos de la contaminaci\u00f3n en nuestra ropa<\/a><\/li><\/ul>\n<div class=\"anchor_class\" id=\"anchor_1_4\"><\/div><h3 class=\"titulo_bilbao_stands\">Itinerarios did\u00e1cticos<\/h3><ul class=\"bilbao_stands\"><li><a href=\"https:\/\/zientzia-astea.eus\/2025\/es\/schedule\/driving-bilbao\/\">Driving Bilbao<\/a><\/li><li><a href=\"https:\/\/zientzia-astea.eus\/2025\/es\/schedule\/bilbao-estuarioak-eta-lakuak\/\">Estuarios y lagos: testigos de nuestra historia<\/a><\/li><li><a href=\"https:\/\/zientzia-astea.eus\/2025\/es\/schedule\/bilbao-aula-espazio-gela-behatoki-astronomikora-ikustaldia\/\">Visita al observatorio astron\u00f3mico Aula Espazio Gela<\/a><\/li><\/ul>\n<div class=\"anchor_class\" id=\"anchor_1_2\"><\/div><h3 class=\"titulo_bilbao_stands\">Conferencias<\/h3><ul class=\"bilbao_stands\"><li><a href=\"https:\/\/zientzia-astea.eus\/2025\/es\/schedule\/bilbao-hitzaldia-miss-mares\/\">Dise\u00f1ar con prop\u00f3sito: el viaje de Miss Mares<\/a><\/li><li><a href=\"https:\/\/zientzia-astea.eus\/2025\/es\/schedule\/bilbao-fotovoltaikoa-trantsizio-ekosozialerako\/\">Fotovoltaica para la transici\u00f3n ecosocial<\/a><\/li><li><a href=\"https:\/\/zientzia-astea.eus\/2025\/es\/schedule\/bilbao-adimen-artifiziala\/\">Inteligencia artificial<\/a><\/li><li><a href=\"https:\/\/zientzia-astea.eus\/2025\/es\/schedule\/bilbao-marte-eta-ilargia\/\">Marte, La Luna, y los an\u00e1logos terrestres que permiten su estudio a distancia<\/a><\/li><li><a href=\"https:\/\/zientzia-astea.eus\/2025\/es\/schedule\/bilbao-mikro-eta-nanoplastikoak\/\">Micro y nanopl\u00e1sticos: \u00bfuna amenaza oculta para Una Salud?<\/a><\/li><\/ul>\n<div class=\"anchor_class\" id=\"anchor_1_5\"><\/div><h3 class=\"titulo_bilbao_stands\">Exposici\u00f3n<\/h3><ul class=\"bilbao_stands\"><li><a href=\"https:\/\/zientzia-astea.eus\/2025\/es\/schedule\/bilbao-erakusketa-miss-mares\/\">Miss Mares<\/a><\/li><li><a href=\"https:\/\/zientzia-astea.eus\/2025\/es\/schedule\/bilbao-erabilera-bakarreko-plastikoa-erabiltzeko-irtenbideak\/\">Soluciones al empleo del pl\u00e1stico de un solo uso. Paso 1: la concienciaci\u00f3n<\/a><\/li><\/ul><div class=\"anchor_class\" id=\"anchor_1_6\"><\/div><h3 class=\"titulo_bilbao_stands\">Espect\u00e1culos<\/h3><ul class=\"bilbao_stands\"><li><a href=\"https:\/\/zientzia-astea.eus\/2025\/es\/schedule\/bilbao-abentura-kuantikoa\/\">Aventura cu\u00e1ntica<\/a><\/li><li><a href=\"https:\/\/zientzia-astea.eus\/2025\/es\/schedule\/bilbao-oceanus-plasticus-itsas-munstroak-iluntasunean\/\">Oceanus Plasticus: monstruos marinos en la oscuridad<\/a><\/li><li><a href=\"https:\/\/zientzia-astea.eus\/2025\/es\/schedule\/bilbao-zientzia-club\/\">Zientzia Club<\/a><\/li><\/ul><div class=\"anchor_class\" id=\"anchor_1_7\"><\/div><h3 class=\"titulo_bilbao_stands\">Otros<\/h3><ul class=\"bilbao_stands\"><li><a href=\"https:\/\/zientzia-astea.eus\/2025\/es\/schedule\/bilbao-itsas-munstroen-artean-murgiltzen\/\">Intervenci\u00f3n gr\u00e1fica en la entrada del Bizkaia Aretoa-EHU \u00abBuceando entre monstruos marinos\u00bb<\/a><\/li><li><a href=\"https:\/\/zientzia-astea.eus\/2025\/es\/schedule\/concurso-de-fotografia-geologica\/\">XVII Concurso de Fotograf\u00eda Geol\u00f3gica<\/a><\/li><\/ul>\n<div class=\"anchor_class\" id=\"anchor_1_12\"><\/div><h3 class=\"titulo_bilbao_stands\">Talleres - Centros Escolares<\/h3><ul class=\"bilbao_stands\"><li><a href=\"https:\/\/zientzia-astea.eus\/2025\/es\/schedule\/bilbao-ahoko-higiene-jasangarria\/\">Higiene oral sostenible<\/a><\/li><li><a href=\"https:\/\/zientzia-astea.eus\/2025\/es\/schedule\/bilbao-matematika-arte-garaikidea-eta-buru-jolasak\/\">Matem\u00e1ticas, arte contempor\u00e1neo y juegos de ingenio<\/a><\/li><li><a href=\"https:\/\/zientzia-astea.eus\/2025\/es\/schedule\/bilbao-klorofila-operazioa\/\">Operaci\u00f3n clorofila: la aventura vegetal y el reto invisible de los micropl\u00e1sticos del suelo<\/a><\/li><li><a href=\"https:\/\/zientzia-astea.eus\/2025\/es\/schedule\/bilbao-terremoto-eta-tsunamiak\/\">Terremotos y tsunamis<\/a><\/li><\/ul><\/p>","protected":false},"excerpt":{"rendered":"<p>Del 5 al 9 de noviembre de 2025 en Bizkaia Aretoa Durante estos d\u00edas la ciencia, la tecnolog\u00eda y la innovaci\u00f3n tomar\u00e1n el edificio dise\u00f1ado por el famoso arquitecto \u00c1lvaro Siza. Bizkaia Aretoa acoge este a\u00f1o m\u00e1s de sesenta y cinco actividades<\/p>\n","protected":false},"author":1,"featured_media":0,"parent":0,"menu_order":0,"comment_status":"closed","ping_status":"closed","template":"","meta":{"footnotes":""},"_links":{"self":[{"href":"https:\/\/zientzia-astea.eus\/2025\/es\/wp-json\/wp\/v2\/pages\/1507"}],"collection":[{"href":"https:\/\/zientzia-astea.eus\/2025\/es\/wp-json\/wp\/v2\/pages"}],"about":[{"href":"https:\/\/zientzia-astea.eus\/2025\/es\/wp-json\/wp\/v2\/types\/page"}],"author":[{"embeddable":true,"href":"https:\/\/zientzia-astea.eus\/2025\/es\/wp-json\/wp\/v2\/users\/1"}],"replies":[{"embeddable":true,"href":"https:\/\/zientzia-astea.eus\/2025\/es\/wp-json\/wp\/v2\/comments?post=1507"}],"version-history":[{"count":91,"href":"https:\/\/zientzia-astea.eus\/2025\/es\/wp-json\/wp\/v2\/pages\/1507\/revisions"}],"predecessor-version":[{"id":4849,"href":"https:\/\/zientzia-astea.eus\/2025\/es\/wp-json\/wp\/v2\/pages\/1507\/revisions\/4849"}],"wp:attachment":[{"href":"https:\/\/zientzia-astea.eus\/2025\/es\/wp-json\/wp\/v2\/media?parent=1507"}],"curies":[{"name":"wp","href":"https:\/\/api.w.org\/{rel}","templated":true}]}}