{"id":1523,"date":"2021-07-23T10:31:07","date_gmt":"2021-07-23T09:31:07","guid":{"rendered":"https:\/\/zientzia-astea.org\/?page_id=1523"},"modified":"2026-04-13T12:44:32","modified_gmt":"2026-04-13T10:44:32","slug":"zientzia-astea-san-sebastian","status":"publish","type":"page","link":"http:\/\/zientzia-astea.eus\/es\/zientzia-astea-san-sebastian\/","title":{"rendered":"Zientzia Astea San Sebasti\u00e1n"},"content":{"rendered":"<p><\/p>\n<h2>Del 4 al 7 de noviembre de 2026 en Tabakalera<\/h2>\n<p>Este a\u00f1o el programa de actividades en San Sebasti\u00e1n se desarrollar\u00e1 en el Centro Internacional de Cultura Contempor\u00e1nea Tabakalera, que dar\u00e1 cabida a los txokos cient\u00edficos y ser\u00e1 la sede de los habituales talleres, del espect\u00e1culo cient\u00edfico para las ni\u00f1as y los ni\u00f1os y tambi\u00e9n de Zientzia Club. Ya en la mar, pescaremos residuos marinos a bordo del barco Mater.<br \/>\n<!--\n\n\n<div style=\"text-align: center; width: 100%;\"> --><br \/>\n<!--\n\n\n<div id=\"text-24\" class=\"widget widget_text\" style=\"text-align: center; max-width: 280px; margin-left: 30%;\"> --><br \/>\n<!-- <a href=\"http:\/\/zientzia-astea.eus\/wp-content\/uploads\/2025\/10\/Zientzia-Astea-DONOSTIA-2025.pdf\" target=\"_blank\" rel=\"noopener\">Ver el programa (PDF)<\/a> --><br \/>\n<!--<\/div>\n\n\n--><br \/>\n<!--<\/div>\n\n\n--><br \/>\n<\/p>\n\n\n\n\n<p><\/p>","protected":false},"excerpt":{"rendered":"<p>Del 4 al 7 de noviembre de 2026 en Tabakalera Este a\u00f1o el programa de actividades en San Sebasti\u00e1n se desarrollar\u00e1 en el Centro Internacional de Cultura Contempor\u00e1nea Tabakalera, que dar\u00e1 cabida a los txokos cient\u00edficos y ser\u00e1 la sede de los<\/p>\n","protected":false},"author":1,"featured_media":0,"parent":0,"menu_order":0,"comment_status":"closed","ping_status":"closed","template":"","meta":{"footnotes":""},"_links":{"self":[{"href":"http:\/\/zientzia-astea.eus\/es\/wp-json\/wp\/v2\/pages\/1523"}],"collection":[{"href":"http:\/\/zientzia-astea.eus\/es\/wp-json\/wp\/v2\/pages"}],"about":[{"href":"http:\/\/zientzia-astea.eus\/es\/wp-json\/wp\/v2\/types\/page"}],"author":[{"embeddable":true,"href":"http:\/\/zientzia-astea.eus\/es\/wp-json\/wp\/v2\/users\/1"}],"replies":[{"embeddable":true,"href":"http:\/\/zientzia-astea.eus\/es\/wp-json\/wp\/v2\/comments?post=1523"}],"version-history":[{"count":54,"href":"http:\/\/zientzia-astea.eus\/es\/wp-json\/wp\/v2\/pages\/1523\/revisions"}],"predecessor-version":[{"id":4903,"href":"http:\/\/zientzia-astea.eus\/es\/wp-json\/wp\/v2\/pages\/1523\/revisions\/4903"}],"wp:attachment":[{"href":"http:\/\/zientzia-astea.eus\/es\/wp-json\/wp\/v2\/media?parent=1523"}],"curies":[{"name":"wp","href":"https:\/\/api.w.org\/{rel}","templated":true}]}}